{"id":95,"date":"2025-09-22T14:37:49","date_gmt":"2025-09-22T14:37:49","guid":{"rendered":"https:\/\/mvsconsultores.cl\/?page_id=95"},"modified":"2025-09-23T20:18:23","modified_gmt":"2025-09-23T20:18:23","slug":"servicios","status":"publish","type":"page","link":"https:\/\/mvsconsultores.cl\/index.php\/servicios\/","title":{"rendered":"Servicios"},"content":{"rendered":"\n<div class=\"wp-block-uagb-container uagb-block-fga31ape alignfull uagb-is-root-container\">\n<div class=\"wp-block-uagb-container uagb-block-qzphqi5k alignfull uagb-is-root-container\"><div class=\"uagb-container-inner-blocks-wrap\">\n<div class=\"wp-block-uagb-info-box uagb-block-vsjmbxzm uagb-infobox__content-wrap  uagb-infobox-icon-above-title uagb-infobox-image-valign-top\"><div class=\"uagb-ifb-content\"><div class=\"uagb-ifb-title-wrap\"><h1 class=\"uagb-ifb-title\"><mark style=\"background-color:rgba(0, 0, 0, 0)\" class=\"has-inline-color has-ast-global-color-4-color\">SERVICIOS<\/mark><\/h1><\/div><p class=\"uagb-ifb-desc\"><mark style=\"background-color:rgba(0, 0, 0, 0)\" class=\"has-inline-color has-ast-global-color-4-color\">Seguridad cibern\u00e9tica para un futuro sin riesgos.<\/mark><\/p><\/div><\/div>\n<\/div><\/div>\n<\/div>\n\n\n\n<div class=\"wp-block-uagb-container uagb-block-8uwjl2yu alignfull uagb-is-root-container\"><div class=\"uagb-container-inner-blocks-wrap\">\n<div class=\"wp-block-uagb-info-box uagb-block-lo4wfkn3 uagb-infobox__content-wrap  uagb-infobox-icon-above-title uagb-infobox-image-valign-top\"><div class=\"uagb-ifb-content\"><div class=\"uagb-ifb-title-wrap\"><h2 class=\"uagb-ifb-title\">Servicios a su medida<\/h2><\/div><p class=\"uagb-ifb-desc\">Podr\u00e1 encontrar una amplia gama de servicios para el mejor desempe\u00f1o de su empresa.<\/p><\/div><\/div>\n\n\n\n<div class=\"wp-block-uagb-container uagb-block-u2seic7h\">\n<div class=\"wp-block-uagb-image alignleft uagb-block-byt5hwxd wp-block-uagb-image--layout-default wp-block-uagb-image--effect-static wp-block-uagb-image--align-left\"><figure class=\"wp-block-uagb-image__figure\"><img decoding=\"async\" srcset=\"https:\/\/mvsconsultores.cl\/wp-content\/uploads\/2025\/09\/Sin-titulo-1_0000_Capa-3.jpg ,https:\/\/mvsconsultores.cl\/wp-content\/uploads\/2025\/09\/Sin-titulo-1_0000_Capa-3.jpg 780w, https:\/\/mvsconsultores.cl\/wp-content\/uploads\/2025\/09\/Sin-titulo-1_0000_Capa-3.jpg 360w\" sizes=\"auto, (max-width: 480px) 150px\" src=\"https:\/\/mvsconsultores.cl\/wp-content\/uploads\/2025\/09\/Sin-titulo-1_0000_Capa-3.jpg\" alt=\"\" class=\"uag-image-40\" width=\"564\" height=\"400\" title=\"Sin t\u00edtulo-1_0000_Capa 3\" loading=\"lazy\" role=\"img\"\/><\/figure><\/div>\n\n\n\n<div class=\"wp-block-uagb-info-box uagb-block-3epxrjqw uagb-infobox__content-wrap  uagb-infobox-icon-above-title uagb-infobox-image-valign-top\"><div class=\"uagb-ifb-content\"><div class=\"uagb-ifb-title-wrap\"><p class=\"uagb-ifb-title-prefix\">01<\/p><h3 class=\"uagb-ifb-title\"><a href=\"https:\/\/mvsconsultores.cl\/wp-admin\/post.php?post=70&amp;action=edit\">CiberSeguridad<\/a><\/h3><\/div><p class=\"uagb-ifb-desc\">Ethical Hacking<br>Hardening Infraestructura<br>Monitoreo SOC<\/p><\/div><\/div>\n<\/div>\n\n\n\n<div class=\"wp-block-uagb-container uagb-block-tq8uo0dg\">\n<div class=\"wp-block-group is-nowrap is-layout-flex wp-container-core-group-is-layout-6c531013 wp-block-group-is-layout-flex\">\n<div class=\"wp-block-uagb-image alignleft uagb-block-xbpo7x07 wp-block-uagb-image--layout-default wp-block-uagb-image--effect-static wp-block-uagb-image--align-left\"><figure class=\"wp-block-uagb-image__figure\"><img decoding=\"async\" srcset=\"https:\/\/mvsconsultores.cl\/wp-content\/uploads\/2025\/09\/hombre-de-negocios-financiero-inspector-secretaria-haciendo-informe-calculo-o-comprobacion-balance-inspector-del-servicio-de-rentas-internas-revisando-el-documento-concepto-de-auditoria-1024x683.jpg ,https:\/\/mvsconsultores.cl\/wp-content\/uploads\/2025\/09\/hombre-de-negocios-financiero-inspector-secretaria-haciendo-informe-calculo-o-comprobacion-balance-inspector-del-servicio-de-rentas-internas-revisando-el-documento-concepto-de-auditoria-scaled.jpg 780w, https:\/\/mvsconsultores.cl\/wp-content\/uploads\/2025\/09\/hombre-de-negocios-financiero-inspector-secretaria-haciendo-informe-calculo-o-comprobacion-balance-inspector-del-servicio-de-rentas-internas-revisando-el-documento-concepto-de-auditoria-scaled.jpg 360w\" sizes=\"auto, (max-width: 480px) 150px\" src=\"https:\/\/mvsconsultores.cl\/wp-content\/uploads\/2025\/09\/hombre-de-negocios-financiero-inspector-secretaria-haciendo-informe-calculo-o-comprobacion-balance-inspector-del-servicio-de-rentas-internas-revisando-el-documento-concepto-de-auditoria-1024x683.jpg\" alt=\"\" class=\"uag-image-121\" width=\"591\" height=\"400\" title=\"business man financial inspector and secretary making report, ca\" loading=\"lazy\" role=\"img\"\/><\/figure><\/div>\n\n\n\n<div class=\"wp-block-uagb-info-box uagb-block-z2uqo9q3 uagb-infobox__content-wrap  uagb-infobox-icon-above-title uagb-infobox-image-valign-top\"><div class=\"uagb-ifb-content\"><div class=\"uagb-ifb-title-wrap\"><p class=\"uagb-ifb-title-prefix\">02<\/p><h3 class=\"uagb-ifb-title\"><a href=\"https:\/\/mvsconsultores.cl\/wp-admin\/post.php?post=76&amp;action=edit\"><mark style=\"background-color:rgba(0, 0, 0, 0)\" class=\"has-inline-color has-ast-global-color-2-color\">Gobierno, Riesgo, Cumplimiento<\/mark><\/a><\/h3><\/div><p class=\"uagb-ifb-desc\">Conciencia y seguridad<br>SGSI (Sistema de gesti\u00f3n de seguridad)<br>GAP Analisis<br>Implementaci\u00f3n ISO<br>Auditorias<\/p><\/div><\/div>\n<\/div>\n<\/div>\n<\/div><\/div>\n\n\n\n<div class=\"wp-block-uagb-container uagb-block-xbxwjktq alignfull uagb-is-root-container\"><div class=\"uagb-container-inner-blocks-wrap\">\n<div class=\"wp-block-uagb-info-box uagb-block-zhc6jq1z uagb-infobox__content-wrap  uagb-infobox-icon-above-title uagb-infobox-image-valign-top\"><div class=\"uagb-ifb-content\"><div class=\"uagb-ifb-title-wrap\"><p class=\"uagb-ifb-title-prefix\">\u00bfPor qu\u00e9 elegirnos?<\/p><h3 class=\"uagb-ifb-title\">MVS Consultores<\/h3><\/div><p class=\"uagb-ifb-desc\">En MVS Consultores creemos que la ciberseguridad no es un lujo, es una necesidad. Nuestro compromiso es proteger lo m\u00e1s valioso de nuestros clientes: su informaci\u00f3n y su confianza.<\/p><\/div><\/div>\n\n\n\n<div class=\"wp-block-uagb-container uagb-block-z8qhgmtq\">\n<div class=\"wp-block-uagb-info-box uagb-block-viyoorxt uagb-infobox__content-wrap  uagb-infobox-icon-left-title uagb-infobox-left uagb-infobox-image-valign-top\"><div class=\"uagb-ifb-content\"><div class=\"uagb-ifb-left-title-image\"><div class=\"uagb-ifb-icon-wrap\"><svg xmlns=\"https:\/\/www.w3.org\/2000\/svg\" viewBox=\"0 0 448 512\"><path d=\"M438.6 105.4C451.1 117.9 451.1 138.1 438.6 150.6L182.6 406.6C170.1 419.1 149.9 419.1 137.4 406.6L9.372 278.6C-3.124 266.1-3.124 245.9 9.372 233.4C21.87 220.9 42.13 220.9 54.63 233.4L159.1 338.7L393.4 105.4C405.9 92.88 426.1 92.88 438.6 105.4H438.6z\"><\/path><\/svg><\/div><div class=\"uagb-ifb-title-wrap\"><p class=\"uagb-ifb-title\">Compromiso<\/p><\/div><\/div><p class=\"uagb-ifb-desc\">Porque entendemos que la seguridad digital ya no es opcional, sino esencial para la continuidad y crecimiento de cualquier negocio. En nuestra empresa combinamos&nbsp;<strong>experiencia, innovaci\u00f3n y compromiso<\/strong>&nbsp;para ofrecer soluciones integrales que se adaptan a las necesidades de cada cliente.<\/p><div class=\"uagb-ifb-separator\"><\/div><\/div><\/div>\n\n\n\n<div class=\"wp-block-uagb-info-box uagb-block-bw5vwf1a uagb-infobox__content-wrap  uagb-infobox-icon-left-title uagb-infobox-left uagb-infobox-image-valign-top\"><div class=\"uagb-ifb-content\"><div class=\"uagb-ifb-left-title-image\"><div class=\"uagb-ifb-icon-wrap\"><svg xmlns=\"https:\/\/www.w3.org\/2000\/svg\" viewBox=\"0 0 448 512\"><path d=\"M438.6 105.4C451.1 117.9 451.1 138.1 438.6 150.6L182.6 406.6C170.1 419.1 149.9 419.1 137.4 406.6L9.372 278.6C-3.124 266.1-3.124 245.9 9.372 233.4C21.87 220.9 42.13 220.9 54.63 233.4L159.1 338.7L393.4 105.4C405.9 92.88 426.1 92.88 438.6 105.4H438.6z\"><\/path><\/svg><\/div><div class=\"uagb-ifb-title-wrap\"><p class=\"uagb-ifb-title\">Profesional<\/p><\/div><\/div><p class=\"uagb-ifb-desc\">No solo detectamos amenazas:&nbsp;<strong>las prevenimos, neutralizamos y transformamos en oportunidades de mejora<\/strong>. Nuestro equipo de expertos trabaja con las mejores pr\u00e1cticas y tecnolog\u00edas del mercado, asegurando que tus sistemas est\u00e9n protegidos 24\/7.<\/p><div class=\"uagb-ifb-separator\"><\/div><\/div><\/div>\n\n\n\n<div class=\"wp-block-uagb-info-box uagb-block-3zqirp59 uagb-infobox__content-wrap  uagb-infobox-icon-left-title uagb-infobox-left uagb-infobox-image-valign-top\"><div class=\"uagb-ifb-content\"><div class=\"uagb-ifb-left-title-image\"><div class=\"uagb-ifb-icon-wrap\"><svg xmlns=\"https:\/\/www.w3.org\/2000\/svg\" viewBox=\"0 0 448 512\"><path d=\"M438.6 105.4C451.1 117.9 451.1 138.1 438.6 150.6L182.6 406.6C170.1 419.1 149.9 419.1 137.4 406.6L9.372 278.6C-3.124 266.1-3.124 245.9 9.372 233.4C21.87 220.9 42.13 220.9 54.63 233.4L159.1 338.7L393.4 105.4C405.9 92.88 426.1 92.88 438.6 105.4H438.6z\"><\/path><\/svg><\/div><div class=\"uagb-ifb-title-wrap\"><p class=\"uagb-ifb-title\">Confianza<\/p><\/div><\/div><p class=\"uagb-ifb-desc\">Elegirnos significa contar con un&nbsp;<strong>socio estrat\u00e9gico en ciberseguridad<\/strong>, que pone en primer lugar lo m\u00e1s importante:&nbsp;<strong>tu tranquilidad y la confianza de tus clientes<\/strong>.<\/p><div class=\"uagb-ifb-separator\"><\/div><\/div><\/div>\n<\/div>\n<\/div><\/div>\n","protected":false},"excerpt":{"rendered":"","protected":false},"author":1,"featured_media":0,"parent":0,"menu_order":0,"comment_status":"closed","ping_status":"closed","template":"","meta":{"_uag_custom_page_level_css":"","site-sidebar-layout":"default","site-content-layout":"","ast-site-content-layout":"default","site-content-style":"default","site-sidebar-style":"default","ast-global-header-display":"","ast-banner-title-visibility":"","ast-main-header-display":"","ast-hfb-above-header-display":"","ast-hfb-below-header-display":"","ast-hfb-mobile-header-display":"","site-post-title":"disabled","ast-breadcrumbs-content":"","ast-featured-img":"","footer-sml-layout":"","theme-transparent-header-meta":"","adv-header-id-meta":"","stick-header-meta":"","header-above-stick-meta":"","header-main-stick-meta":"","header-below-stick-meta":"","astra-migrate-meta-layouts":"default","ast-page-background-enabled":"default","ast-page-background-meta":{"desktop":{"background-color":"var(--ast-global-color-5)","background-image":"","background-repeat":"repeat","background-position":"center center","background-size":"auto","background-attachment":"scroll","background-type":"","background-media":"","overlay-type":"","overlay-color":"","overlay-opacity":"","overlay-gradient":""},"tablet":{"background-color":"","background-image":"","background-repeat":"repeat","background-position":"center center","background-size":"auto","background-attachment":"scroll","background-type":"","background-media":"","overlay-type":"","overlay-color":"","overlay-opacity":"","overlay-gradient":""},"mobile":{"background-color":"","background-image":"","background-repeat":"repeat","background-position":"center center","background-size":"auto","background-attachment":"scroll","background-type":"","background-media":"","overlay-type":"","overlay-color":"","overlay-opacity":"","overlay-gradient":""}},"ast-content-background-meta":{"desktop":{"background-color":"var(--ast-global-color-4)","background-image":"","background-repeat":"repeat","background-position":"center center","background-size":"auto","background-attachment":"scroll","background-type":"","background-media":"","overlay-type":"","overlay-color":"","overlay-opacity":"","overlay-gradient":""},"tablet":{"background-color":"var(--ast-global-color-4)","background-image":"","background-repeat":"repeat","background-position":"center center","background-size":"auto","background-attachment":"scroll","background-type":"","background-media":"","overlay-type":"","overlay-color":"","overlay-opacity":"","overlay-gradient":""},"mobile":{"background-color":"var(--ast-global-color-4)","background-image":"","background-repeat":"repeat","background-position":"center center","background-size":"auto","background-attachment":"scroll","background-type":"","background-media":"","overlay-type":"","overlay-color":"","overlay-opacity":"","overlay-gradient":""}},"footnotes":""},"class_list":["post-95","page","type-page","status-publish","hentry"],"uagb_featured_image_src":{"full":false,"thumbnail":false,"medium":false,"medium_large":false,"large":false,"1536x1536":false,"2048x2048":false},"uagb_author_info":{"display_name":"admin","author_link":"https:\/\/mvsconsultores.cl\/index.php\/author\/rodrigomvs\/"},"uagb_comment_info":0,"uagb_excerpt":null,"_links":{"self":[{"href":"https:\/\/mvsconsultores.cl\/index.php\/wp-json\/wp\/v2\/pages\/95","targetHints":{"allow":["GET"]}}],"collection":[{"href":"https:\/\/mvsconsultores.cl\/index.php\/wp-json\/wp\/v2\/pages"}],"about":[{"href":"https:\/\/mvsconsultores.cl\/index.php\/wp-json\/wp\/v2\/types\/page"}],"author":[{"embeddable":true,"href":"https:\/\/mvsconsultores.cl\/index.php\/wp-json\/wp\/v2\/users\/1"}],"replies":[{"embeddable":true,"href":"https:\/\/mvsconsultores.cl\/index.php\/wp-json\/wp\/v2\/comments?post=95"}],"version-history":[{"count":11,"href":"https:\/\/mvsconsultores.cl\/index.php\/wp-json\/wp\/v2\/pages\/95\/revisions"}],"predecessor-version":[{"id":137,"href":"https:\/\/mvsconsultores.cl\/index.php\/wp-json\/wp\/v2\/pages\/95\/revisions\/137"}],"wp:attachment":[{"href":"https:\/\/mvsconsultores.cl\/index.php\/wp-json\/wp\/v2\/media?parent=95"}],"curies":[{"name":"wp","href":"https:\/\/api.w.org\/{rel}","templated":true}]}}