{"id":8,"date":"2025-09-08T19:29:23","date_gmt":"2025-09-08T19:29:23","guid":{"rendered":"https:\/\/mvsconsultores.cl\/?page_id=8"},"modified":"2025-12-08T15:08:35","modified_gmt":"2025-12-08T15:08:35","slug":"inicio","status":"publish","type":"page","link":"https:\/\/mvsconsultores.cl\/","title":{"rendered":"Inicio"},"content":{"rendered":"\n<div class=\"wp-block-cover alignfull\" style=\"min-height:720px;aspect-ratio:unset;\"><img loading=\"lazy\" decoding=\"async\" width=\"1024\" height=\"768\" class=\"wp-block-cover__image-background wp-image-45 size-large\" alt=\"\" src=\"https:\/\/mvsconsultores.cl\/wp-content\/uploads\/2025\/09\/1persona-trabajando-html-en-computadora-1-1024x768.jpg\" data-object-fit=\"cover\" srcset=\"https:\/\/mvsconsultores.cl\/wp-content\/uploads\/2025\/09\/1persona-trabajando-html-en-computadora-1-1024x768.jpg 1024w, https:\/\/mvsconsultores.cl\/wp-content\/uploads\/2025\/09\/1persona-trabajando-html-en-computadora-1-300x225.jpg 300w, https:\/\/mvsconsultores.cl\/wp-content\/uploads\/2025\/09\/1persona-trabajando-html-en-computadora-1-768x576.jpg 768w, https:\/\/mvsconsultores.cl\/wp-content\/uploads\/2025\/09\/1persona-trabajando-html-en-computadora-1-1536x1152.jpg 1536w, https:\/\/mvsconsultores.cl\/wp-content\/uploads\/2025\/09\/1persona-trabajando-html-en-computadora-1-2048x1536.jpg 2048w\" sizes=\"auto, (max-width: 1024px) 100vw, 1024px\" \/><span aria-hidden=\"true\" class=\"wp-block-cover__background has-background-dim wp-block-cover__gradient-background has-background-gradient\" style=\"background-color:#797e8a;background:linear-gradient(35deg,rgb(6,0,151) 0%,rgb(130,4,255) 73%,rgb(193,15,255) 100%)\"><\/span><div class=\"wp-block-cover__inner-container is-layout-flow wp-block-cover-is-layout-flow\">\n<div class=\"inherit-container-width wp-block-group alignwide is-layout-constrained wp-block-group-is-layout-constrained\">\n<div class=\"wp-block-media-text alignwide has-media-on-the-right is-stacked-on-mobile is-vertically-aligned-center\" style=\"grid-template-columns:auto 42%\"><div class=\"wp-block-media-text__content\">\n<h1 class=\"wp-block-heading has-text-align-left has-white-color has-text-color has-medium-font-size\">Servicios de seguridad de la informaci\u00f3n.<\/h1>\n\n\n\n<p class=\"has-white-color has-text-color has-small-font-size\">Seguridad cibern\u00e9tica para un futuro sin riesgos.<\/p>\n\n\n\n<div class=\"wp-block-buttons is-layout-flex wp-block-buttons-is-layout-flex\">\n<div class=\"wp-block-button\"><a class=\"wp-block-button__link wp-element-button\" href=\"https:\/\/mvsconsultores.cl\/index.php\/servicios\/\">VER SERVICIOS<\/a><\/div>\n<\/div>\n<\/div><figure class=\"wp-block-media-text__media\"><img loading=\"lazy\" decoding=\"async\" width=\"1000\" height=\"506\" src=\"https:\/\/mvsconsultores.cl\/wp-content\/uploads\/2025\/09\/cropped-logo-blanco-sin-fondo.png\" alt=\"\" class=\"wp-image-13 size-full\" srcset=\"https:\/\/mvsconsultores.cl\/wp-content\/uploads\/2025\/09\/cropped-logo-blanco-sin-fondo.png 1000w, https:\/\/mvsconsultores.cl\/wp-content\/uploads\/2025\/09\/cropped-logo-blanco-sin-fondo-300x152.png 300w, https:\/\/mvsconsultores.cl\/wp-content\/uploads\/2025\/09\/cropped-logo-blanco-sin-fondo-768x389.png 768w, https:\/\/mvsconsultores.cl\/wp-content\/uploads\/2025\/09\/cropped-logo-blanco-sin-fondo-170x86.png 170w\" sizes=\"auto, (max-width: 1000px) 100vw, 1000px\" \/><\/figure><\/div>\n<\/div>\n<\/div><\/div>\n\n\n\n<div class=\"wp-block-group alignfull is-layout-constrained wp-container-core-group-is-layout-45b0ac4f wp-block-group-is-layout-constrained\" id=\"services\" style=\"padding-top:144px;padding-bottom:0px\">\n<h2 class=\"wp-block-heading\">Nuestro Servicios<\/h2>\n\n\n\n<div class=\"wp-block-columns is-layout-flex wp-container-core-columns-is-layout-60cbf9bb wp-block-columns-is-layout-flex\" style=\"margin-top:50px\">\n<div class=\"wp-block-column is-layout-flow wp-container-core-column-is-layout-6b73ce23 wp-block-column-is-layout-flow\">\n<figure class=\"wp-block-image size-full\"><a href=\"https:\/\/mvsconsultores.cl\/index.php\/ciberseguridad\/\"><img loading=\"lazy\" decoding=\"async\" width=\"600\" height=\"732\" src=\"https:\/\/mvsconsultores.cl\/wp-content\/uploads\/2025\/09\/Sin-titulo-1_0000_Capa-3.jpg\" alt=\"\" class=\"wp-image-40\" srcset=\"https:\/\/mvsconsultores.cl\/wp-content\/uploads\/2025\/09\/Sin-titulo-1_0000_Capa-3.jpg 600w, https:\/\/mvsconsultores.cl\/wp-content\/uploads\/2025\/09\/Sin-titulo-1_0000_Capa-3-246x300.jpg 246w\" sizes=\"auto, (max-width: 600px) 100vw, 600px\" \/><\/a><\/figure>\n\n\n\n<h3 class=\"wp-block-heading\" style=\"margin-top:16px\">Ethical Hacking<\/h3>\n\n\n\n<p>Descubrimos vulnerabilidades antes de que se conviertan en amenazas.<\/p>\n<\/div>\n\n\n\n<div class=\"wp-block-column is-layout-flow wp-container-core-column-is-layout-6b73ce23 wp-block-column-is-layout-flow\">\n<figure class=\"wp-block-image size-full\"><a href=\"https:\/\/mvsconsultores.cl\/index.php\/ciberseguridad\/\"><img loading=\"lazy\" decoding=\"async\" width=\"600\" height=\"732\" src=\"https:\/\/mvsconsultores.cl\/wp-content\/uploads\/2025\/09\/Sin-titulo-1_0001_Capa-2.jpg\" alt=\"\" class=\"wp-image-39\" srcset=\"https:\/\/mvsconsultores.cl\/wp-content\/uploads\/2025\/09\/Sin-titulo-1_0001_Capa-2.jpg 600w, https:\/\/mvsconsultores.cl\/wp-content\/uploads\/2025\/09\/Sin-titulo-1_0001_Capa-2-246x300.jpg 246w\" sizes=\"auto, (max-width: 600px) 100vw, 600px\" \/><\/a><\/figure>\n\n\n\n<h3 class=\"wp-block-heading\" style=\"margin-top:16px\">Hardening Infraestructura<\/h3>\n\n\n\n<p>Fortalecemos tus sistemas para que nada los derribe.<\/p>\n<\/div>\n\n\n\n<div class=\"wp-block-column is-layout-flow wp-container-core-column-is-layout-6b73ce23 wp-block-column-is-layout-flow\">\n<figure class=\"wp-block-image size-full\"><a href=\"https:\/\/mvsconsultores.cl\/index.php\/ciberseguridad\/\"><img loading=\"lazy\" decoding=\"async\" width=\"600\" height=\"732\" src=\"https:\/\/mvsconsultores.cl\/wp-content\/uploads\/2025\/09\/Sin-titulo-1_0002_Capa-1.jpg\" alt=\"\" class=\"wp-image-38\" srcset=\"https:\/\/mvsconsultores.cl\/wp-content\/uploads\/2025\/09\/Sin-titulo-1_0002_Capa-1.jpg 600w, https:\/\/mvsconsultores.cl\/wp-content\/uploads\/2025\/09\/Sin-titulo-1_0002_Capa-1-246x300.jpg 246w\" sizes=\"auto, (max-width: 600px) 100vw, 600px\" \/><\/a><\/figure>\n\n\n\n<h3 class=\"wp-block-heading\" style=\"margin-top:16px\">Monitoreo SOC<\/h3>\n\n\n\n<p>Protecci\u00f3n en tiempo real contra amenazas reales.<\/p>\n<\/div>\n<\/div>\n<\/div>\n\n\n\n<div class=\"wp-block-group alignfull has-ast-global-color-5-background-color has-background is-layout-constrained wp-container-core-group-is-layout-94d206d0 wp-block-group-is-layout-constrained\" id=\"about\" style=\"padding-top:143px;padding-bottom:144px\">\n<div class=\"wp-block-media-text has-media-on-the-right is-stacked-on-mobile is-vertically-aligned-center\"><div class=\"wp-block-media-text__content\">\n<div class=\"inherit-container-width wp-block-group is-layout-constrained wp-container-core-group-is-layout-9adabb0a wp-block-group-is-layout-constrained\" style=\"padding-right:28px\">\n<h2 class=\"wp-block-heading\" style=\"padding-right:40px\">CIBER SEGURIDAD<\/h2>\n\n\n\n<p>La ciberseguridad es el conjunto de pr\u00e1cticas, tecnolog\u00edas y procesos dise\u00f1ados para proteger sistemas, redes y datos frente a accesos no autorizados, ataques digitales y p\u00e9rdidas de informaci\u00f3n. Su objetivo es garantizar la confidencialidad, integridad y disponibilidad de la informaci\u00f3n, asegurando que empresas y personas puedan operar en el mundo digital de manera segura y confiable.<\/p>\n<\/div>\n<\/div><figure class=\"wp-block-media-text__media\"><img loading=\"lazy\" decoding=\"async\" width=\"1024\" height=\"768\" src=\"https:\/\/mvsconsultores.cl\/wp-content\/uploads\/2025\/09\/persona-trabajando-html-en-computadora-1024x768.jpg\" alt=\"\" class=\"wp-image-36 size-full\" srcset=\"https:\/\/mvsconsultores.cl\/wp-content\/uploads\/2025\/09\/persona-trabajando-html-en-computadora-1024x768.jpg 1024w, https:\/\/mvsconsultores.cl\/wp-content\/uploads\/2025\/09\/persona-trabajando-html-en-computadora-300x225.jpg 300w, https:\/\/mvsconsultores.cl\/wp-content\/uploads\/2025\/09\/persona-trabajando-html-en-computadora-768x576.jpg 768w, https:\/\/mvsconsultores.cl\/wp-content\/uploads\/2025\/09\/persona-trabajando-html-en-computadora-1536x1152.jpg 1536w, https:\/\/mvsconsultores.cl\/wp-content\/uploads\/2025\/09\/persona-trabajando-html-en-computadora-2048x1536.jpg 2048w\" sizes=\"auto, (max-width: 1024px) 100vw, 1024px\" \/><\/figure><\/div>\n<\/div>\n\n\n\n<div class=\"wp-block-group alignfull has-ast-global-color-4-background-color has-background is-layout-constrained wp-container-core-group-is-layout-6a2cfb7b wp-block-group-is-layout-constrained\" id=\"reviews\">\n<figure class=\"wp-block-image aligncenter size-full is-resized\"><img loading=\"lazy\" decoding=\"async\" width=\"981\" height=\"980\" src=\"https:\/\/mvsconsultores.cl\/wp-content\/uploads\/2025\/09\/user-icon-in-flat-style-person-icon-client-symbol-vector.jpg\" alt=\"\" class=\"wp-image-43\" style=\"width:59px;height:auto\" srcset=\"https:\/\/mvsconsultores.cl\/wp-content\/uploads\/2025\/09\/user-icon-in-flat-style-person-icon-client-symbol-vector.jpg 981w, https:\/\/mvsconsultores.cl\/wp-content\/uploads\/2025\/09\/user-icon-in-flat-style-person-icon-client-symbol-vector-300x300.jpg 300w, https:\/\/mvsconsultores.cl\/wp-content\/uploads\/2025\/09\/user-icon-in-flat-style-person-icon-client-symbol-vector-150x150.jpg 150w, https:\/\/mvsconsultores.cl\/wp-content\/uploads\/2025\/09\/user-icon-in-flat-style-person-icon-client-symbol-vector-768x767.jpg 768w\" sizes=\"auto, (max-width: 981px) 100vw, 981px\" \/><\/figure>\n\n\n\n<p class=\"has-text-align-center\" style=\"font-size:22px;line-height:1.6\">\u201cEn nuestra compa\u00f1\u00eda creemos que la ciberseguridad no es un lujo, es una necesidad. Nuestro compromiso es proteger lo m\u00e1s valioso de nuestros clientes: su informaci\u00f3n y su confianza.\u201d<\/p>\n\n\n\n<p class=\"has-text-align-center\"><strong>Hernan Lagunas<\/strong><\/p>\n<\/div>\n\n\n\n<div class=\"wp-block-group alignfull is-layout-constrained wp-container-core-group-is-layout-3fee123f wp-block-group-is-layout-constrained\" id=\"whyus\" style=\"padding-top:144px;padding-bottom:144px\">\n<h2 class=\"wp-block-heading\">\u00bfPor qu\u00e9 elegirnos?<\/h2>\n\n\n\n<div class=\"wp-block-columns is-layout-flex wp-container-core-columns-is-layout-29aadeec wp-block-columns-is-layout-flex\" style=\"margin-top:60px\">\n<div class=\"wp-block-column is-layout-flow wp-container-core-column-is-layout-6b73ce23 wp-block-column-is-layout-flow\">\n<figure class=\"wp-block-image size-large\"><img decoding=\"async\" src=\"https:\/\/mvsconsultores.cl\/wp-content\/themes\/astra\/inc\/assets\/images\/starter-content\/passionate.svg\" alt=\"\" class=\"wp-image-162\"\/><\/figure>\n\n\n\n<h3 class=\"wp-block-heading\" style=\"margin-top:16px\">Compromiso<\/h3>\n\n\n\n<p>Porque entendemos que la seguridad digital ya no es opcional, sino esencial para la continuidad y crecimiento de cualquier negocio. En nuestra empresa combinamos <strong>experiencia, innovaci\u00f3n y compromiso<\/strong> para ofrecer soluciones integrales que se adaptan a las necesidades de cada cliente.<\/p>\n<\/div>\n\n\n\n<div class=\"wp-block-column is-layout-flow wp-container-core-column-is-layout-6b73ce23 wp-block-column-is-layout-flow\">\n<figure class=\"wp-block-image size-large\"><img decoding=\"async\" src=\"https:\/\/mvsconsultores.cl\/wp-content\/themes\/astra\/inc\/assets\/images\/starter-content\/professional.svg\" alt=\"\" class=\"wp-image-163\"\/><\/figure>\n\n\n\n<h3 class=\"wp-block-heading\" style=\"margin-top:16px\">Profesional<\/h3>\n\n\n\n<p>No solo detectamos amenazas: <strong>las prevenimos, neutralizamos y transformamos en oportunidades de mejora<\/strong>. Nuestro equipo de expertos trabaja con las mejores pr\u00e1cticas y tecnolog\u00edas del mercado, asegurando que tus sistemas est\u00e9n protegidos 24\/7.<\/p>\n<\/div>\n\n\n\n<div class=\"wp-block-column is-layout-flow wp-container-core-column-is-layout-6b73ce23 wp-block-column-is-layout-flow\">\n<figure class=\"wp-block-image size-large\"><img decoding=\"async\" src=\"https:\/\/mvsconsultores.cl\/wp-content\/themes\/astra\/inc\/assets\/images\/starter-content\/support.svg\" alt=\"\" class=\"wp-image-164\"\/><\/figure>\n\n\n\n<h3 class=\"wp-block-heading\" style=\"margin-top:16px\">Confianza<\/h3>\n\n\n\n<p>Elegirnos significa contar con un <strong>socio estrat\u00e9gico en ciberseguridad<\/strong>, que pone en primer lugar lo m\u00e1s importante: <strong>tu tranquilidad y la confianza de tus clientes<\/strong>.<\/p>\n<\/div>\n<\/div>\n<\/div>\n\n\n\n<div class=\"wp-block-group alignfull has-background is-layout-constrained wp-container-core-group-is-layout-cfcca693 wp-block-group-is-layout-constrained\" id=\"contact\" style=\"background:linear-gradient(35deg,rgb(6,0,151) 0%,rgb(130,4,255) 64%,rgb(193,15,255) 98%);padding-top:104px;padding-bottom:104px\">\n<h2 class=\"wp-block-heading has-text-align-center has-text-color\" style=\"color:#ffffff\">Contactenos<\/h2>\n\n\n\n<div class=\"wp-block-buttons alignwide is-horizontal is-content-justification-center is-layout-flex wp-container-core-buttons-is-layout-bba8380a wp-block-buttons-is-layout-flex\" style=\"margin-top:50px\">\n<div class=\"wp-block-button\"><a class=\"wp-block-button__link wp-element-button\" href=\"https:\/\/mvsconsultores.cl\/\">Contacto<\/a><\/div>\n<\/div>\n<\/div>\n\n\n\n<p><\/p>\n","protected":false},"excerpt":{"rendered":"<p>Nuestro Servicios Ethical Hacking Descubrimos vulnerabilidades antes de que se conviertan en amenazas. Hardening Infraestructura Fortalecemos tus sistemas para que [&hellip;]<\/p>\n","protected":false},"author":1,"featured_media":0,"parent":0,"menu_order":0,"comment_status":"closed","ping_status":"closed","template":"","meta":{"_uag_custom_page_level_css":"","site-sidebar-layout":"no-sidebar","site-content-layout":"plain-container","ast-site-content-layout":"default","site-content-style":"default","site-sidebar-style":"default","ast-global-header-display":"","ast-banner-title-visibility":"","ast-main-header-display":"","ast-hfb-above-header-display":"","ast-hfb-below-header-display":"","ast-hfb-mobile-header-display":"","site-post-title":"disabled","ast-breadcrumbs-content":"","ast-featured-img":"","footer-sml-layout":"","theme-transparent-header-meta":"enabled","adv-header-id-meta":"","stick-header-meta":"","header-above-stick-meta":"","header-main-stick-meta":"","header-below-stick-meta":"","astra-migrate-meta-layouts":"default","ast-page-background-enabled":"default","ast-page-background-meta":{"desktop":{"background-color":"var(--ast-global-color-5)","background-image":"","background-repeat":"repeat","background-position":"center center","background-size":"auto","background-attachment":"scroll","background-type":"","background-media":"","overlay-type":"","overlay-color":"","overlay-opacity":"","overlay-gradient":""},"tablet":{"background-color":"","background-image":"","background-repeat":"repeat","background-position":"center center","background-size":"auto","background-attachment":"scroll","background-type":"","background-media":"","overlay-type":"","overlay-color":"","overlay-opacity":"","overlay-gradient":""},"mobile":{"background-color":"","background-image":"","background-repeat":"repeat","background-position":"center center","background-size":"auto","background-attachment":"scroll","background-type":"","background-media":"","overlay-type":"","overlay-color":"","overlay-opacity":"","overlay-gradient":""}},"ast-content-background-meta":{"desktop":{"background-color":"var(--ast-global-color-4)","background-image":"","background-repeat":"repeat","background-position":"center center","background-size":"auto","background-attachment":"scroll","background-type":"","background-media":"","overlay-type":"","overlay-color":"","overlay-opacity":"","overlay-gradient":""},"tablet":{"background-color":"var(--ast-global-color-4)","background-image":"","background-repeat":"repeat","background-position":"center center","background-size":"auto","background-attachment":"scroll","background-type":"","background-media":"","overlay-type":"","overlay-color":"","overlay-opacity":"","overlay-gradient":""},"mobile":{"background-color":"var(--ast-global-color-4)","background-image":"","background-repeat":"repeat","background-position":"center center","background-size":"auto","background-attachment":"scroll","background-type":"","background-media":"","overlay-type":"","overlay-color":"","overlay-opacity":"","overlay-gradient":""}},"footnotes":""},"class_list":["post-8","page","type-page","status-publish","hentry"],"uagb_featured_image_src":{"full":false,"thumbnail":false,"medium":false,"medium_large":false,"large":false,"1536x1536":false,"2048x2048":false},"uagb_author_info":{"display_name":"admin","author_link":"https:\/\/mvsconsultores.cl\/index.php\/author\/rodrigomvs\/"},"uagb_comment_info":0,"uagb_excerpt":"Nuestro Servicios Ethical Hacking Descubrimos vulnerabilidades antes de que se conviertan en amenazas. Hardening Infraestructura Fortalecemos tus sistemas para que [&hellip;]","_links":{"self":[{"href":"https:\/\/mvsconsultores.cl\/index.php\/wp-json\/wp\/v2\/pages\/8","targetHints":{"allow":["GET"]}}],"collection":[{"href":"https:\/\/mvsconsultores.cl\/index.php\/wp-json\/wp\/v2\/pages"}],"about":[{"href":"https:\/\/mvsconsultores.cl\/index.php\/wp-json\/wp\/v2\/types\/page"}],"author":[{"embeddable":true,"href":"https:\/\/mvsconsultores.cl\/index.php\/wp-json\/wp\/v2\/users\/1"}],"replies":[{"embeddable":true,"href":"https:\/\/mvsconsultores.cl\/index.php\/wp-json\/wp\/v2\/comments?post=8"}],"version-history":[{"count":13,"href":"https:\/\/mvsconsultores.cl\/index.php\/wp-json\/wp\/v2\/pages\/8\/revisions"}],"predecessor-version":[{"id":149,"href":"https:\/\/mvsconsultores.cl\/index.php\/wp-json\/wp\/v2\/pages\/8\/revisions\/149"}],"wp:attachment":[{"href":"https:\/\/mvsconsultores.cl\/index.php\/wp-json\/wp\/v2\/media?parent=8"}],"curies":[{"name":"wp","href":"https:\/\/api.w.org\/{rel}","templated":true}]}}