{"id":70,"date":"2025-09-09T15:15:13","date_gmt":"2025-09-09T15:15:13","guid":{"rendered":"https:\/\/mvsconsultores.cl\/?page_id=70"},"modified":"2025-09-22T14:14:48","modified_gmt":"2025-09-22T14:14:48","slug":"ciberseguridad","status":"publish","type":"page","link":"https:\/\/mvsconsultores.cl\/index.php\/ciberseguridad\/","title":{"rendered":"CiberSeguridad"},"content":{"rendered":"\n<div class=\"wp-block-uagb-container uagb-block-9mshntez alignfull uagb-is-root-container\"><div class=\"uagb-container-inner-blocks-wrap\">\n<div class=\"wp-block-uagb-info-box uagb-block-fdb3348b uagb-infobox__content-wrap  uagb-infobox-icon-above-title uagb-infobox-image-valign-top\"><div class=\"uagb-ifb-content\"><div class=\"uagb-ifb-title-wrap\"><h3 class=\"uagb-ifb-title\">CIBERSEGURIDAD<\/h3><\/div><p class=\"uagb-ifb-desc\">La ciberseguridad es el conjunto de pr\u00e1cticas, tecnolog\u00edas y procesos dise\u00f1ados para proteger sistemas, redes y datos frente a accesos no autorizados, ataques digitales y p\u00e9rdidas de informaci\u00f3n. Su objetivo es garantizar la confidencialidad, integridad y disponibilidad de la informaci\u00f3n, asegurando que empresas y personas puedan operar en el mundo digital de manera segura y confiable.<\/p><\/div><\/div>\n\n\n\n<div class=\"wp-block-uagb-container uagb-block-imdsg7la\">\n<div class=\"wp-block-uagb-image alignleft uagb-block-szv3qxx0 wp-block-uagb-image--layout-default wp-block-uagb-image--effect-static wp-block-uagb-image--align-left\"><figure class=\"wp-block-uagb-image__figure\"><img decoding=\"async\" srcset=\"https:\/\/mvsconsultores.cl\/wp-content\/uploads\/2025\/09\/Sin-titulo-1_0000_Capa-3.jpg ,https:\/\/mvsconsultores.cl\/wp-content\/uploads\/2025\/09\/Sin-titulo-1_0000_Capa-3.jpg 780w, https:\/\/mvsconsultores.cl\/wp-content\/uploads\/2025\/09\/Sin-titulo-1_0000_Capa-3.jpg 360w\" sizes=\"auto, (max-width: 480px) 150px\" src=\"https:\/\/mvsconsultores.cl\/wp-content\/uploads\/2025\/09\/Sin-titulo-1_0000_Capa-3.jpg\" alt=\"\" class=\"uag-image-40\" width=\"564\" height=\"400\" title=\"Sin t\u00edtulo-1_0000_Capa 3\" loading=\"lazy\" role=\"img\"\/><\/figure><\/div>\n\n\n\n<div class=\"wp-block-uagb-info-box uagb-block-umogkgzf uagb-infobox__content-wrap  uagb-infobox-icon-above-title uagb-infobox-image-valign-top\"><div class=\"uagb-ifb-content\"><div class=\"uagb-ifb-title-wrap\"><p class=\"uagb-ifb-title-prefix\">01<\/p><h3 class=\"uagb-ifb-title\">Ethical Hacking<\/h3><\/div><p class=\"uagb-ifb-desc\">es la pr\u00e1ctica de evaluar la seguridad de sistemas inform\u00e1ticos, redes y aplicaciones mediante t\u00e9cnicas similares a las que utilizan los atacantes, pero de forma legal y autorizada. Su objetivo es identificar vulnerabilidades antes de que puedan ser explotadas, ayudando a las organizaciones a reforzar su protecci\u00f3n y reducir riesgos.<\/p><\/div><\/div>\n<\/div>\n\n\n\n<div class=\"wp-block-uagb-container uagb-block-h9iymuf8\">\n<div class=\"wp-block-uagb-image alignleft uagb-block-6wjpnoii wp-block-uagb-image--layout-default wp-block-uagb-image--effect-static wp-block-uagb-image--align-left\"><figure class=\"wp-block-uagb-image__figure\"><img decoding=\"async\" srcset=\"https:\/\/mvsconsultores.cl\/wp-content\/uploads\/2025\/09\/Sin-titulo-1_0001_Capa-2.jpg ,https:\/\/mvsconsultores.cl\/wp-content\/uploads\/2025\/09\/Sin-titulo-1_0001_Capa-2.jpg 780w, https:\/\/mvsconsultores.cl\/wp-content\/uploads\/2025\/09\/Sin-titulo-1_0001_Capa-2.jpg 360w\" sizes=\"auto, (max-width: 480px) 150px\" src=\"https:\/\/mvsconsultores.cl\/wp-content\/uploads\/2025\/09\/Sin-titulo-1_0001_Capa-2.jpg\" alt=\"\" class=\"uag-image-39\" width=\"564\" height=\"400\" title=\"Sin t\u00edtulo-1_0001_Capa 2\" loading=\"lazy\" role=\"img\"\/><\/figure><\/div>\n\n\n\n<div class=\"wp-block-uagb-info-box uagb-block-i6nzysal uagb-infobox__content-wrap  uagb-infobox-icon-above-title uagb-infobox-image-valign-top\"><div class=\"uagb-ifb-content\"><div class=\"uagb-ifb-title-wrap\"><p class=\"uagb-ifb-title-prefix\">02<\/p><h3 class=\"uagb-ifb-title\">Hardening de Infraestructura<\/h3><\/div><p class=\"uagb-ifb-desc\">es el proceso de <strong>reforzar la seguridad de sistemas, servidores, redes y dispositivos<\/strong>, reduciendo al m\u00ednimo sus vulnerabilidades.<br>Consiste en aplicar configuraciones, controles y buenas pr\u00e1cticas que eliminan servicios innecesarios, cierran posibles puertas de entrada y aseguran que solo lo estrictamente requerido para la operaci\u00f3n est\u00e9 disponible.<br>En pocas palabras: <strong>es \u201cblindar\u201d la infraestructura tecnol\u00f3gica para resistir ataques y minimizar riesgos.<\/strong><\/p><\/div><\/div>\n<\/div>\n\n\n\n<div class=\"wp-block-uagb-container uagb-block-555fd8d5\">\n<div class=\"wp-block-uagb-image alignleft uagb-block-d81723c1 wp-block-uagb-image--layout-default wp-block-uagb-image--effect-static wp-block-uagb-image--align-left\"><figure class=\"wp-block-uagb-image__figure\"><img decoding=\"async\" srcset=\"https:\/\/mvsconsultores.cl\/wp-content\/uploads\/2025\/09\/Sin-titulo-1_0002_Capa-1.jpg ,https:\/\/mvsconsultores.cl\/wp-content\/uploads\/2025\/09\/Sin-titulo-1_0002_Capa-1.jpg 780w, https:\/\/mvsconsultores.cl\/wp-content\/uploads\/2025\/09\/Sin-titulo-1_0002_Capa-1.jpg 360w\" sizes=\"auto, (max-width: 480px) 150px\" src=\"https:\/\/mvsconsultores.cl\/wp-content\/uploads\/2025\/09\/Sin-titulo-1_0002_Capa-1.jpg\" alt=\"\" class=\"uag-image-38\" width=\"564\" height=\"400\" title=\"Sin t\u00edtulo-1_0002_Capa 1\" loading=\"lazy\" role=\"img\"\/><\/figure><\/div>\n\n\n\n<div class=\"wp-block-uagb-info-box uagb-block-d5b1914d uagb-infobox__content-wrap  uagb-infobox-icon-above-title uagb-infobox-image-valign-top\"><div class=\"uagb-ifb-content\"><div class=\"uagb-ifb-title-wrap\"><p class=\"uagb-ifb-title-prefix\">03<\/p><h3 class=\"uagb-ifb-title\">monitoreo SOC (Security Operations Center)<\/h3><\/div><p class=\"uagb-ifb-desc\">es la vigilancia constante de la infraestructura tecnol\u00f3gica de una organizaci\u00f3n, realizada desde un centro especializado en seguridad inform\u00e1tica.<br>Su objetivo es <strong>detectar, analizar y responder en tiempo real<\/strong> a incidentes o amenazas cibern\u00e9ticas, como intentos de intrusi\u00f3n, malware o accesos no autorizados.<br>En resumen: <strong>el SOC funciona como una \u201ctorre de control\u201d de la ciberseguridad<\/strong>, que protege de manera proactiva los sistemas y datos cr\u00edticos de una empresa.<\/p><\/div><\/div>\n<\/div>\n<\/div><\/div>\n","protected":false},"excerpt":{"rendered":"","protected":false},"author":1,"featured_media":0,"parent":0,"menu_order":0,"comment_status":"closed","ping_status":"closed","template":"","meta":{"_uag_custom_page_level_css":"","site-sidebar-layout":"default","site-content-layout":"","ast-site-content-layout":"default","site-content-style":"default","site-sidebar-style":"default","ast-global-header-display":"","ast-banner-title-visibility":"","ast-main-header-display":"","ast-hfb-above-header-display":"","ast-hfb-below-header-display":"","ast-hfb-mobile-header-display":"","site-post-title":"disabled","ast-breadcrumbs-content":"","ast-featured-img":"","footer-sml-layout":"","theme-transparent-header-meta":"","adv-header-id-meta":"","stick-header-meta":"","header-above-stick-meta":"","header-main-stick-meta":"","header-below-stick-meta":"","astra-migrate-meta-layouts":"default","ast-page-background-enabled":"default","ast-page-background-meta":{"desktop":{"background-color":"var(--ast-global-color-5)","background-image":"","background-repeat":"repeat","background-position":"center center","background-size":"auto","background-attachment":"scroll","background-type":"","background-media":"","overlay-type":"","overlay-color":"","overlay-opacity":"","overlay-gradient":""},"tablet":{"background-color":"","background-image":"","background-repeat":"repeat","background-position":"center center","background-size":"auto","background-attachment":"scroll","background-type":"","background-media":"","overlay-type":"","overlay-color":"","overlay-opacity":"","overlay-gradient":""},"mobile":{"background-color":"","background-image":"","background-repeat":"repeat","background-position":"center center","background-size":"auto","background-attachment":"scroll","background-type":"","background-media":"","overlay-type":"","overlay-color":"","overlay-opacity":"","overlay-gradient":""}},"ast-content-background-meta":{"desktop":{"background-color":"var(--ast-global-color-4)","background-image":"","background-repeat":"repeat","background-position":"center center","background-size":"auto","background-attachment":"scroll","background-type":"","background-media":"","overlay-type":"","overlay-color":"","overlay-opacity":"","overlay-gradient":""},"tablet":{"background-color":"var(--ast-global-color-4)","background-image":"","background-repeat":"repeat","background-position":"center center","background-size":"auto","background-attachment":"scroll","background-type":"","background-media":"","overlay-type":"","overlay-color":"","overlay-opacity":"","overlay-gradient":""},"mobile":{"background-color":"var(--ast-global-color-4)","background-image":"","background-repeat":"repeat","background-position":"center center","background-size":"auto","background-attachment":"scroll","background-type":"","background-media":"","overlay-type":"","overlay-color":"","overlay-opacity":"","overlay-gradient":""}},"footnotes":""},"class_list":["post-70","page","type-page","status-publish","hentry"],"uagb_featured_image_src":{"full":false,"thumbnail":false,"medium":false,"medium_large":false,"large":false,"1536x1536":false,"2048x2048":false},"uagb_author_info":{"display_name":"admin","author_link":"https:\/\/mvsconsultores.cl\/index.php\/author\/rodrigomvs\/"},"uagb_comment_info":0,"uagb_excerpt":null,"_links":{"self":[{"href":"https:\/\/mvsconsultores.cl\/index.php\/wp-json\/wp\/v2\/pages\/70","targetHints":{"allow":["GET"]}}],"collection":[{"href":"https:\/\/mvsconsultores.cl\/index.php\/wp-json\/wp\/v2\/pages"}],"about":[{"href":"https:\/\/mvsconsultores.cl\/index.php\/wp-json\/wp\/v2\/types\/page"}],"author":[{"embeddable":true,"href":"https:\/\/mvsconsultores.cl\/index.php\/wp-json\/wp\/v2\/users\/1"}],"replies":[{"embeddable":true,"href":"https:\/\/mvsconsultores.cl\/index.php\/wp-json\/wp\/v2\/comments?post=70"}],"version-history":[{"count":4,"href":"https:\/\/mvsconsultores.cl\/index.php\/wp-json\/wp\/v2\/pages\/70\/revisions"}],"predecessor-version":[{"id":93,"href":"https:\/\/mvsconsultores.cl\/index.php\/wp-json\/wp\/v2\/pages\/70\/revisions\/93"}],"wp:attachment":[{"href":"https:\/\/mvsconsultores.cl\/index.php\/wp-json\/wp\/v2\/media?parent=70"}],"curies":[{"name":"wp","href":"https:\/\/api.w.org\/{rel}","templated":true}]}}